{"id":29703,"date":"2023-11-13T18:10:05","date_gmt":"2023-11-13T18:10:05","guid":{"rendered":"https:\/\/blueedgebusiness.com\/social-media\/"},"modified":"2024-08-09T19:37:37","modified_gmt":"2024-08-09T19:37:37","slug":"social-media","status":"publish","type":"page","link":"https:\/\/blueedgebusiness.com\/es\/social-media\/","title":{"rendered":"Social Media Marketing"},"content":{"rendered":"","protected":false},"excerpt":{"rendered":"","protected":false},"author":9,"featured_media":0,"parent":0,"menu_order":0,"comment_status":"closed","ping_status":"closed","template":"templates\/social-media-marketing.php","meta":{"_acf_changed":false,"_yoast_wpseo_title":"Social Media Marketing Consultant - BlueEdge Business Savannah","_yoast_wpseo_metadesc":"Blue Edge, a social media marketing consultant, provides social media management services for small business at affordable prices. Get free quotes now!","content-type":"","inline_featured_image":false,"_metasync_otto_title":"Blue Edge: Marketing en Redes Sociales para Negocios (2026)","_metasync_otto_description":"Blue Edge: Expertos en marketing en redes sociales para negocios. Servicios asequibles de gesti\u00f3n de redes sociales. \u00a1Solicite una cotizaci\u00f3n gratuita ahora!","_metasync_otto_keywords":"marketing en redes sociales, gesti\u00f3n de redes sociales, publicidad en redes sociales, consultor\u00eda de marketing digital, soluciones de marketing para peque\u00f1as empresas, estrategias de redes sociales, optimizaci\u00f3n de redes sociales, servicios de marketing asequibles","_metasync_otto_og_title":"","_metasync_otto_og_description":"Gesti\u00f3n de redes sociales a precios accesibles. \u00a1Cotiza gratis!","_metasync_otto_twitter_title":"","_metasync_otto_twitter_description":"","rank_math_title":"","rank_math_description":"","_aioseo_title":"","_aioseo_description":"","_metasync_seo_title":"","_metasync_seo_desc":"","_metasync_otto_disabled":"","footnotes":""},"class_list":["post-29703","page","type-page","status-publish","hentry"],"acf":[],"yoast_head":"<!-- This site is optimized with the Yoast SEO Premium plugin v27.2 (Yoast SEO v27.2) - https:\/\/yoast.com\/product\/yoast-seo-premium-wordpress\/ -->\n<title>Social Media Marketing Consultant - BlueEdge Business Savannah<\/title>\n<meta name=\"description\" content=\"Blue Edge, a social media marketing consultant, provides social media management services for small business at affordable prices. Get free quotes now!\" \/>\n<meta name=\"robots\" content=\"index, follow, max-snippet:-1, max-image-preview:large, max-video-preview:-1\" \/>\n<link rel=\"canonical\" href=\"https:\/\/blueedgebusiness.com\/es\/social-media\/\" \/>\n<meta property=\"og:locale\" content=\"es_ES\" \/>\n<meta property=\"og:type\" content=\"article\" \/>\n<meta property=\"og:title\" content=\"Social Media Marketing\" \/>\n<meta property=\"og:description\" content=\"Blue Edge, a social media marketing consultant, provides social media management services for small business at affordable prices. Get free quotes now!\" \/>\n<meta property=\"og:url\" content=\"https:\/\/blueedgebusiness.com\/es\/social-media\/\" \/>\n<meta property=\"og:site_name\" content=\"Blue Edge Business Solutions\" \/>\n<meta property=\"article:publisher\" content=\"https:\/\/www.facebook.com\/Blueedgebusiness\" \/>\n<meta property=\"article:modified_time\" content=\"2024-08-09T19:37:37+00:00\" \/>\n<meta name=\"twitter:card\" content=\"summary_large_image\" \/>\n<meta name=\"twitter:title\" content=\"Social Media Marketing\" \/>\n<meta name=\"twitter:site\" content=\"@blueedgebiz\" \/>\n<script type=\"application\/ld+json\" class=\"yoast-schema-graph\">{\"@context\":\"https:\/\/schema.org\",\"@graph\":[{\"@type\":\"WebPage\",\"@id\":\"https:\/\/blueedgebusiness.com\/es\/social-media\/\",\"url\":\"https:\/\/blueedgebusiness.com\/es\/social-media\/\",\"name\":\"Social Media Marketing Consultant - BlueEdge Business Savannah\",\"isPartOf\":{\"@id\":\"https:\/\/blueedgebusiness.com\/#website\"},\"datePublished\":\"2023-11-13T18:10:05+00:00\",\"dateModified\":\"2024-08-09T19:37:37+00:00\",\"description\":\"Blue Edge, a social media marketing consultant, provides social media management services for small business at affordable prices. Get free quotes now!\",\"inLanguage\":\"es\",\"potentialAction\":[{\"@type\":\"ReadAction\",\"target\":[\"https:\/\/blueedgebusiness.com\/es\/social-media\/\"]}]},{\"@type\":\"WebSite\",\"@id\":\"https:\/\/blueedgebusiness.com\/#website\",\"url\":\"https:\/\/blueedgebusiness.com\/\",\"name\":\"Blue Edge Business Solutions\",\"description\":\"Marketing and Advertising Agency\",\"potentialAction\":[{\"@type\":\"SearchAction\",\"target\":{\"@type\":\"EntryPoint\",\"urlTemplate\":\"https:\/\/blueedgebusiness.com\/?s={search_term_string}\"},\"query-input\":{\"@type\":\"PropertyValueSpecification\",\"valueRequired\":true,\"valueName\":\"search_term_string\"}}],\"inLanguage\":\"es\"}]}<\/script>\n<!-- \/ Yoast SEO Premium plugin. -->","yoast_head_json":{"title":"Social Media Marketing Consultant - BlueEdge Business Savannah","description":"Blue Edge, a social media marketing consultant, provides social media management services for small business at affordable prices. Get free quotes now!","robots":{"index":"index","follow":"follow","max-snippet":"max-snippet:-1","max-image-preview":"max-image-preview:large","max-video-preview":"max-video-preview:-1"},"canonical":"https:\/\/blueedgebusiness.com\/es\/social-media\/","og_locale":"es_ES","og_type":"article","og_title":"Social Media Marketing","og_description":"Blue Edge, a social media marketing consultant, provides social media management services for small business at affordable prices. Get free quotes now!","og_url":"https:\/\/blueedgebusiness.com\/es\/social-media\/","og_site_name":"Blue Edge Business Solutions","article_publisher":"https:\/\/www.facebook.com\/Blueedgebusiness","article_modified_time":"2024-08-09T19:37:37+00:00","twitter_card":"summary_large_image","twitter_title":"Social Media Marketing","twitter_site":"@blueedgebiz","schema":{"@context":"https:\/\/schema.org","@graph":[{"@type":"WebPage","@id":"https:\/\/blueedgebusiness.com\/es\/social-media\/","url":"https:\/\/blueedgebusiness.com\/es\/social-media\/","name":"Social Media Marketing Consultant - BlueEdge Business Savannah","isPartOf":{"@id":"https:\/\/blueedgebusiness.com\/#website"},"datePublished":"2023-11-13T18:10:05+00:00","dateModified":"2024-08-09T19:37:37+00:00","description":"Blue Edge, a social media marketing consultant, provides social media management services for small business at affordable prices. Get free quotes now!","inLanguage":"es","potentialAction":[{"@type":"ReadAction","target":["https:\/\/blueedgebusiness.com\/es\/social-media\/"]}]},{"@type":"WebSite","@id":"https:\/\/blueedgebusiness.com\/#website","url":"https:\/\/blueedgebusiness.com\/","name":"Blue Edge Business Solutions","description":"Marketing and Advertising Agency","potentialAction":[{"@type":"SearchAction","target":{"@type":"EntryPoint","urlTemplate":"https:\/\/blueedgebusiness.com\/?s={search_term_string}"},"query-input":{"@type":"PropertyValueSpecification","valueRequired":true,"valueName":"search_term_string"}}],"inLanguage":"es"}]}},"_links":{"self":[{"href":"https:\/\/blueedgebusiness.com\/es\/wp-json\/wp\/v2\/pages\/29703","targetHints":{"allow":["GET"]}}],"collection":[{"href":"https:\/\/blueedgebusiness.com\/es\/wp-json\/wp\/v2\/pages"}],"about":[{"href":"https:\/\/blueedgebusiness.com\/es\/wp-json\/wp\/v2\/types\/page"}],"author":[{"embeddable":true,"href":"https:\/\/blueedgebusiness.com\/es\/wp-json\/wp\/v2\/users\/9"}],"replies":[{"embeddable":true,"href":"https:\/\/blueedgebusiness.com\/es\/wp-json\/wp\/v2\/comments?post=29703"}],"version-history":[{"count":0,"href":"https:\/\/blueedgebusiness.com\/es\/wp-json\/wp\/v2\/pages\/29703\/revisions"}],"wp:attachment":[{"href":"https:\/\/blueedgebusiness.com\/es\/wp-json\/wp\/v2\/media?parent=29703"}],"curies":[{"name":"wp","href":"https:\/\/api.w.org\/{rel}","templated":true}]}}